{"id":12,"date":"2015-12-28T15:50:57","date_gmt":"2015-12-28T15:50:57","guid":{"rendered":"http:\/\/www.drackert.net\/en\/?page_id=12"},"modified":"2020-08-21T10:52:02","modified_gmt":"2020-08-21T10:52:02","slug":"education","status":"publish","type":"page","link":"http:\/\/www.drackert.net\/en\/?page_id=12","title":{"rendered":"CV"},"content":{"rendered":"<p><em><span style=\"font-size: inherit;\">\u00a0SHORT VERSION<\/span><\/em><\/p>\n<p>Februar 2019 Positive Evaluation als Juniorprofessorin f\u00fcr Fachdidaktik des Russischen an der Ruhr-Universit\u00e4t Bochum<\/p>\n<p>Seit 2016 Vertrauensdozentin der Friedrich-Naumann-Stiftung f\u00fcr Freiheit<\/p>\n<p>Seit 2016\u00a0 Juniorprofessorin f\u00fcr Fachdidaktik des Russischen, Seminar f\u00fcr Slavistik \/ Lotman-Institut der Ruhr-Universit\u00e4t Bochum<\/p>\n<p>Februar 2016 2. Listenplatz im Bewerbungsverfahren auf eine W1-Professur (Englischdidaktik) an der Universit\u00e4t M\u00fcnster.<\/p>\n<p>2015 Ph. D., Linguistik [Schwerpunkt: Angewandte Sprachwissenschaft\/ Sprachlehrforschung], Linguistische Fakult\u00e4t, Georgetown Universit\u00e4t, Washington D. C., USA, (Advisor: Dr. John M. Norris)<\/p>\n<p>2012 &#8211; 2015 Wissenschaftliche Mitarbeiterin an der Linguistischen Fakult\u00e4t, Georgetown Universit\u00e4t, Washington D. C.<\/p>\n<p>2011 &#8211; 2012 Lehrkraft f\u00fcr besondere Aufgaben f\u00fcr Russisch und Englisch am Zentrum f\u00fcr Fremdsprachenausbildung an der Ruhr-Universit\u00e4t Bochum<\/p>\n<p>2010 &#8211; 2012 Wissenschaftliche Mitarbeiterin, Fakult\u00e4t f\u00fcr Sprachlehrforschung, Ruhr-Universit\u00e4t Bochum<\/p>\n<p>2011 Aufbaustudiengang: &#8220;Russisch als Fremdsprache\/Russischunterricht im Ausland&#8221;, M. V. Lomonosov Moskauer Staatliche Universit\u00e4t, Russland<\/p>\n<p>2010 &#8211; 2011 Wissenschaftliche Mitarbeiterin, Fakult\u00e4t f\u00fcr Kulturwissenschaften, Technische Universit\u00e4t, Dortmund<\/p>\n<p>2010 Master der Sprachlehrforschung, Ruhr-Universit\u00e4t Bochum<\/p>\n<p>2009 Aufbaustudiengang: &#8220;Deutsch als Fremdsprache\/Deutschunterricht im Ausland&#8221;, Ruhr-Universit\u00e4t Bochum<\/p>\n<p>2007 &#8211; 2010 Lehrbeauftragte f\u00fcr Englisch und Russisch, Zentrum f\u00fcr Fremdsprachenausbildung, Ruhr-Universit\u00e4t Bochum<\/p>\n<p>2006 Diplom, Englisch und Deutsch auf Lehramt, Wolgograder Staatliche P\u00e4dagogische Universit\u00e4t, Russland<\/p>\n<div>\n<div>\n<div style=\"text-align: justify;\"><img decoding=\"async\" src=\"https:\/\/sites.google.com\/a\/georgetown.edu\/anastasiamozgalina\/_\/rsrc\/1388184664373\/education\/schule.jpg\" alt=\"\" border=\"0\" \/><\/div>\n<\/div>\n<\/div>\n","protected":false},"excerpt":{"rendered":"<p>\u00a0SHORT VERSION Februar 2019 Positive Evaluation als Juniorprofessorin f\u00fcr Fachdidaktik des Russischen an der Ruhr-Universit\u00e4t Bochum Seit 2016 Vertrauensdozentin der Friedrich-Naumann-Stiftung f\u00fcr Freiheit Seit 2016\u00a0 Juniorprofessorin f\u00fcr Fachdidaktik des Russischen, Seminar f\u00fcr Slavistik \/ Lotman-Institut der Ruhr-Universit\u00e4t Bochum Februar 2016 2. Listenplatz im Bewerbungsverfahren auf eine W1-Professur (Englischdidaktik) an der Universit\u00e4t M\u00fcnster. 2015 Ph. D., [&hellip;]<\/p>\n","protected":false},"author":2,"featured_media":0,"parent":0,"menu_order":0,"comment_status":"closed","ping_status":"closed","template":"","meta":{"footnotes":""},"_links":{"self":[{"href":"http:\/\/www.drackert.net\/en\/index.php?rest_route=\/wp\/v2\/pages\/12"}],"collection":[{"href":"http:\/\/www.drackert.net\/en\/index.php?rest_route=\/wp\/v2\/pages"}],"about":[{"href":"http:\/\/www.drackert.net\/en\/index.php?rest_route=\/wp\/v2\/types\/page"}],"author":[{"embeddable":true,"href":"http:\/\/www.drackert.net\/en\/index.php?rest_route=\/wp\/v2\/users\/2"}],"replies":[{"embeddable":true,"href":"http:\/\/www.drackert.net\/en\/index.php?rest_route=%2Fwp%2Fv2%2Fcomments&post=12"}],"version-history":[{"count":16,"href":"http:\/\/www.drackert.net\/en\/index.php?rest_route=\/wp\/v2\/pages\/12\/revisions"}],"predecessor-version":[{"id":302,"href":"http:\/\/www.drackert.net\/en\/index.php?rest_route=\/wp\/v2\/pages\/12\/revisions\/302"}],"wp:attachment":[{"href":"http:\/\/www.drackert.net\/en\/index.php?rest_route=%2Fwp%2Fv2%2Fmedia&parent=12"}],"curies":[{"name":"wp","href":"https:\/\/api.w.org\/{rel}","templated":true}]}}