{"id":91,"date":"2016-01-01T15:28:54","date_gmt":"2016-01-01T15:28:54","guid":{"rendered":"http:\/\/www.drackert.net\/en\/?page_id=91"},"modified":"2020-08-21T08:45:16","modified_gmt":"2020-08-21T08:45:16","slug":"workshops","status":"publish","type":"page","link":"http:\/\/www.drackert.net\/en\/?page_id=91","title":{"rendered":"Workshops\/Lehrerfortbildungen"},"content":{"rendered":"<p><img decoding=\"async\" loading=\"lazy\" class=\"wp-image-92 size-medium alignright\" src=\"http:\/\/www.drackert.net\/en\/wp-content\/uploads\/2016\/01\/workshop-202x300.jpg\" alt=\"\" width=\"202\" height=\"300\" srcset=\"http:\/\/www.drackert.net\/en\/wp-content\/uploads\/2016\/01\/workshop-202x300.jpg 202w, http:\/\/www.drackert.net\/en\/wp-content\/uploads\/2016\/01\/workshop-255x380.jpg 255w, http:\/\/www.drackert.net\/en\/wp-content\/uploads\/2016\/01\/workshop.jpg 268w\" sizes=\"(max-width: 202px) 100vw, 202px\" \/>Drackert, A. (M\u00e4rz 2019). <em>Online-Spiel \u201eZum 1. Mal in Russland\u201c: Einsatzm\u00f6glichkeit und Unterrichtsszenarien<\/em>, Fortbildung f\u00fcr praktizierende Russischlehrer, Ruhr-Universit\u00e4t-Bochum.<\/p>\n<p>Drackert, A. (September 2018). <em>Umgang mit Heterogenit\u00e4t im Russischunterricht: Leistungsbeurteilung<\/em>. Fortbildung f\u00fcr praktizierende Russischlehrer, P\u00e4dagogisches Landesinstitut Rheinland-Pfalz.<\/p>\n<p>Drackert, A. (Februar 2018). <em>Entwicklung von realit\u00e4tsnahen Aufgaben im Russischunterricht auf den Niveaus A1-B1<\/em>, Teachers\u2019 Day an der Ruhr-Universit\u00e4t Bochum.<\/p>\n<p>Drackert, A. (2017, April).&nbsp;<em>Systemic Functional Linguistics for Task-based Language Teaching: Task&nbsp;Design and Pedagogical Implementation.<\/em> The 7th International Conference on Task-based Language Teaching,&nbsp;University of Barcelona. (with Ryshina-Pankova, M.)<\/p>\n<p>Drackert, A. (2017, March). <a href=\"http:\/\/www.drackert.net\/en\/wp-content\/uploads\/2016\/01\/H\u00f6rverstehen_Fortbildung_Ank\u00fcndigung.pdf\" target=\"_blank\" rel=\"noopener noreferrer\"><em>H\u00f6rverstehen im Russischunterricht \u00fcberpr\u00fcfen<\/em><\/a>, Fortbildung f\u00fcr praktizierende Russischlehrer, Seminar f\u00fcr Slavistik \/ Lotman &#8211; Institut, Ruhr-Universit\u00e4t-Bochum.<\/p>\n<p>Mozgalina, A. (2012, May). <em>Achieving a lot while minimizing time and effort: developing teaching materials for levels A1 and A2<\/em> [Mit wenig Aufwand viel erreichen: Lernmaterialien f\u00fcr A1 und A2 selbst (weiter)entwickeln].&nbsp;Foreign Language Learning Center (ZFA), Ruhr-Universit\u00e4t Bochum&nbsp;(May 12, 2012). (with Anna Timukova)<\/p>\n<p>Mozgalina, A. (2012, January). <em>Teaching grammar in a skills focused classroom.<\/em> [Grammatikvermittlung im kompetenzorientierten Unterricht].&nbsp;Foreign Language Learning Center, Rheinische Friedrich-Wilhelms-Universit\u00e4t Bonn&nbsp;(Januar 14, 2012).<\/p>\n<p>Mozgalina, A. (2011, May).&nbsp;<em>Grammar &#8211; yes, but how? The Role of Grammar in Task-Based Language Classes&nbsp;<\/em>&nbsp;[Grammatik &#8211; ja, aber wie? Die Rolle der Grammatik im aufgabenorientierten Unterricht].&nbsp;Foreign Language Learning Center (ZFA), Ruhr Universit\u00e4t Bochum&nbsp;(May 28, 2011). (with Nicola Jordan, Lidia Santiso Saco)<\/p>\n","protected":false},"excerpt":{"rendered":"<p>Drackert, A. (M\u00e4rz 2019). Online-Spiel \u201eZum 1. Mal in Russland\u201c: Einsatzm\u00f6glichkeit und Unterrichtsszenarien, Fortbildung f\u00fcr praktizierende Russischlehrer, Ruhr-Universit\u00e4t-Bochum. Drackert, A. (September 2018). Umgang mit Heterogenit\u00e4t im Russischunterricht: Leistungsbeurteilung. Fortbildung f\u00fcr praktizierende Russischlehrer, P\u00e4dagogisches Landesinstitut Rheinland-Pfalz. Drackert, A. (Februar 2018). Entwicklung von realit\u00e4tsnahen Aufgaben im Russischunterricht auf den Niveaus A1-B1, Teachers\u2019 Day an der Ruhr-Universit\u00e4t Bochum. [&hellip;]<\/p>\n","protected":false},"author":1,"featured_media":0,"parent":0,"menu_order":0,"comment_status":"closed","ping_status":"closed","template":"","meta":{"footnotes":""},"_links":{"self":[{"href":"http:\/\/www.drackert.net\/en\/index.php?rest_route=\/wp\/v2\/pages\/91"}],"collection":[{"href":"http:\/\/www.drackert.net\/en\/index.php?rest_route=\/wp\/v2\/pages"}],"about":[{"href":"http:\/\/www.drackert.net\/en\/index.php?rest_route=\/wp\/v2\/types\/page"}],"author":[{"embeddable":true,"href":"http:\/\/www.drackert.net\/en\/index.php?rest_route=\/wp\/v2\/users\/1"}],"replies":[{"embeddable":true,"href":"http:\/\/www.drackert.net\/en\/index.php?rest_route=%2Fwp%2Fv2%2Fcomments&post=91"}],"version-history":[{"count":14,"href":"http:\/\/www.drackert.net\/en\/index.php?rest_route=\/wp\/v2\/pages\/91\/revisions"}],"predecessor-version":[{"id":298,"href":"http:\/\/www.drackert.net\/en\/index.php?rest_route=\/wp\/v2\/pages\/91\/revisions\/298"}],"wp:attachment":[{"href":"http:\/\/www.drackert.net\/en\/index.php?rest_route=%2Fwp%2Fv2%2Fmedia&parent=91"}],"curies":[{"name":"wp","href":"https:\/\/api.w.org\/{rel}","templated":true}]}}